{"id":2,"date":"2024-01-01T20:42:56","date_gmt":"2024-01-01T19:42:56","guid":{"rendered":"http:\/\/sergiosblick.de\/?page_id=2"},"modified":"2024-04-17T22:13:39","modified_gmt":"2024-04-17T20:13:39","slug":"beispiel-seite","status":"publish","type":"page","link":"https:\/\/sergiosblick.de\/?page_id=2","title":{"rendered":"\u00dcber mich"},"content":{"rendered":"\n<figure class=\"wp-block-image aligncenter is-resized\"><img loading=\"lazy\" decoding=\"async\" width=\"720\" height=\"640\" src=\"https:\/\/sergiosblick.de\/wp-content\/uploads\/2024\/01\/P1002121_cut-scaled-e1713384598185.jpg\" alt=\"\" class=\"wp-image-125\" style=\"width:371px;height:auto\"\/><\/figure>\n\n\n\n<p><\/p>\n\n\n\n<p>Hallo, ich bin Sergio und ich liebe es zu fotografieren. <\/p>\n\n\n\n<p><\/p>\n\n\n\n<p>In meinen Bildern versuche ich, meinen ganz eigenen Blick auf die Welt einzufangen und mit anderen zu teilen. Dabei geht es mir nicht nur um die gro\u00dfen und spektakul\u00e4ren Dinge, sondern auch um die kleinen und unscheinbaren Details, die oft \u00fcbersehen werden.<\/p>\n\n\n\n<p><\/p>\n\n\n\n<p>Meine Kamera ist mein Zeitglas, mit dem ich Momente festhalten und f\u00fcr sp\u00e4ter aufbewahre. Ich versuche immer meine Augen offen zu halten und viele interessante Motive, erforden einen zweiten Blick, weil sie sonst einfach in der Menge an Eindr\u00fccken untergehen die t\u00e4glich auf uns einst\u00fcrzen. Eine Blumenwiese ist zum Beispiel ein so gesch\u00e4ftiger Ort der unendlich viele Einblicke bereit h\u00e4lt.<\/p>\n\n\n\n<p><\/p>\n\n\n\n<p>Menschen, die sich unbeobachtet f\u00fchlen und so sind wie sie selbst, ein gesch\u00e4ftiges Insekt das Kopf\u00fcber &#8222;in der Arbeit steckt&#8220; oder Alltagsgegenst\u00e4nde die ohne Gedanken abgestellt werden. Sie alle erz\u00e4hlen Geschichten, die ich gerne mit meinen Bildern weitererz\u00e4hlen m\u00f6chte<\/p>\n\n\n\n<p><\/p>\n\n\n\n<p>Es ist eine meiner Leidenschaften, die Welt um mich herum zu beobachten und die Sch\u00f6nheit in den kleinen Dingen zu entdecken. Ich glaube fest daran, dass es in jedem Moment etwas Besonderes gibt, das es wert ist, festgehalten zu werden. Sei es ein L\u00e4cheln, das eine Geschichte erz\u00e4hlt, oder ein Detail, das eine ganze Atmosph\u00e4re einf\u00e4ngt.<\/p>\n\n\n\n<p><\/p>\n\n\n\n<p>Meine Fotografie ist eine M\u00f6glichkeit f\u00fcr mich, meine Kreativit\u00e4t auszudr\u00fccken und meine Sichtweise auf die Welt mit anderen zu teilen. Ich m\u00f6chte die Menschen dazu inspirieren, genauer hinzuschauen und die Sch\u00f6nheit in den kleinen Dingen zu entdecken, die oft \u00fcbersehen werden.<\/p>\n\n\n\n<p><\/p>\n\n\n\n<p>Ich lade euch ein, meine Galerie zu besuchen und meinen Blick auf die Welt zu erleben. Lasst euch von den Bildern verzaubern und entdeckt die kleinen und gro\u00dfen Wunder, die \u00fcberall um uns herum existieren. Vielleicht werdet ihr durch meine Fotografie dazu ermutigt, selbst den Blick durch die Kamera zu wagen und eure eigene Sichtweise auf die Welt festzuhalten. Sollte das der Fall sein, schnappt Euch euer Handy oder eure Kamera und geht raus. Geht spielen, lauft euren T\u00e4umen entgegegen &#8211; es wartet eine Welt auf Euch.<\/p>\n\n\n\n<p><\/p>\n\n\n\n<p class=\"has-extra-small-font-size\">Ich freue mich darauf, euch meine Welt durch meine Augen zu zeigen und hoffe, dass meine Bilder euch genauso viel Freude bereiten wie mir beim Fotografieren.<\/p>\n","protected":false},"excerpt":{"rendered":"<p>Hallo, ich bin Sergio und ich liebe es zu fotografieren. In meinen Bildern versuche ich, meinen ganz eigenen Blick auf die Welt einzufangen und mit anderen zu teilen. Dabei geht es mir nicht nur um die gro\u00dfen und spektakul\u00e4ren Dinge, sondern auch um die kleinen und unscheinbaren Details, die oft \u00fcbersehen werden. Meine Kamera ist [&hellip;]<\/p>\n","protected":false},"author":1,"featured_media":0,"parent":0,"menu_order":0,"comment_status":"closed","ping_status":"closed","template":"","meta":{"_monsterinsights_skip_tracking":false,"_monsterinsights_sitenote_active":false,"_monsterinsights_sitenote_note":"","_monsterinsights_sitenote_category":0,"footnotes":""},"aioseo_notices":[],"_links":{"self":[{"href":"https:\/\/sergiosblick.de\/index.php?rest_route=\/wp\/v2\/pages\/2"}],"collection":[{"href":"https:\/\/sergiosblick.de\/index.php?rest_route=\/wp\/v2\/pages"}],"about":[{"href":"https:\/\/sergiosblick.de\/index.php?rest_route=\/wp\/v2\/types\/page"}],"author":[{"embeddable":true,"href":"https:\/\/sergiosblick.de\/index.php?rest_route=\/wp\/v2\/users\/1"}],"replies":[{"embeddable":true,"href":"https:\/\/sergiosblick.de\/index.php?rest_route=%2Fwp%2Fv2%2Fcomments&post=2"}],"version-history":[{"count":11,"href":"https:\/\/sergiosblick.de\/index.php?rest_route=\/wp\/v2\/pages\/2\/revisions"}],"predecessor-version":[{"id":158,"href":"https:\/\/sergiosblick.de\/index.php?rest_route=\/wp\/v2\/pages\/2\/revisions\/158"}],"wp:attachment":[{"href":"https:\/\/sergiosblick.de\/index.php?rest_route=%2Fwp%2Fv2%2Fmedia&parent=2"}],"curies":[{"name":"wp","href":"https:\/\/api.w.org\/{rel}","templated":true}]}}